{"id":6,"date":"2016-09-01T15:07:54","date_gmt":"2016-09-01T15:07:54","guid":{"rendered":"https:\/\/schleifbach.de\/?page_id=6"},"modified":"2024-05-13T13:27:53","modified_gmt":"2024-05-13T13:27:53","slug":"presse","status":"publish","type":"page","link":"https:\/\/www.schleifbach.de\/?page_id=6","title":{"rendered":"Presse"},"content":{"rendered":"<p>Presseanfragen bitte direkt an:<br \/>\n06182 \/ 8938-0 oder info@av-schleifbach.de<\/p>\n<h2>Presseschau<\/h2>\n\n\t\t<style type=\"text\/css\">\n\t\t\t#gallery-1 {\n\t\t\t\tmargin: auto;\n\t\t\t}\n\t\t\t#gallery-1 .gallery-item {\n\t\t\t\tfloat: left;\n\t\t\t\tmargin-top: 10px;\n\t\t\t\ttext-align: center;\n\t\t\t\twidth: 50%;\n\t\t\t}\n\t\t\t#gallery-1 img {\n\t\t\t\tborder: 2px solid #cfcfcf;\n\t\t\t}\n\t\t\t#gallery-1 .gallery-caption {\n\t\t\t\tmargin-left: 0;\n\t\t\t}\n\t\t\t\/* see gallery_shortcode() in wp-includes\/media.php *\/\n\t\t<\/style>\n\t\t<div id='gallery-1' class='gallery galleryid-6 gallery-columns-2 gallery-size-large'><dl class='gallery-item'>\n\t\t\t<dt class='gallery-icon landscape'>\n\t\t\t\t<a href='https:\/\/www.schleifbach.de\/wp-content\/uploads\/2021\/06\/schleifbach-2021-06-08-scaled.jpg'><img loading=\"lazy\" decoding=\"async\" width=\"640\" height=\"546\" src=\"https:\/\/www.schleifbach.de\/wp-content\/uploads\/2021\/06\/schleifbach-2021-06-08-1024x874.jpg\" class=\"attachment-large size-large\" alt=\"Presseartikel: Ger\u00fchrt, nicht gesch\u00fcttelt - Investition ins Kl\u00e4rwerk\" aria-describedby=\"gallery-1-182\" srcset=\"https:\/\/www.schleifbach.de\/wp-content\/uploads\/2021\/06\/schleifbach-2021-06-08-1024x874.jpg 1024w, https:\/\/www.schleifbach.de\/wp-content\/uploads\/2021\/06\/schleifbach-2021-06-08-300x256.jpg 300w, https:\/\/www.schleifbach.de\/wp-content\/uploads\/2021\/06\/schleifbach-2021-06-08-768x655.jpg 768w, https:\/\/www.schleifbach.de\/wp-content\/uploads\/2021\/06\/schleifbach-2021-06-08-1536x1310.jpg 1536w, https:\/\/www.schleifbach.de\/wp-content\/uploads\/2021\/06\/schleifbach-2021-06-08-2048x1747.jpg 2048w, https:\/\/www.schleifbach.de\/wp-content\/uploads\/2021\/06\/schleifbach-2021-06-08-688x587.jpg 688w\" sizes=\"auto, (max-width: 640px) 100vw, 640px\" \/><\/a>\n\t\t\t<\/dt>\n\t\t\t\t<dd class='wp-caption-text gallery-caption' id='gallery-1-182'>\n\t\t\t\tGer\u00fchrt, nicht gesch\u00fcttelt &#8211; Investition ins Kl\u00e4rwerk &#8211; Offenbach Post 08.06.2020\n\t\t\t\t<\/dd><\/dl><dl class='gallery-item'>\n\t\t\t<dt class='gallery-icon landscape'>\n\t\t\t\t<a href='https:\/\/www.schleifbach.de\/wp-content\/uploads\/2021\/02\/schleifbach-2021-02-04.png'><img loading=\"lazy\" decoding=\"async\" width=\"640\" height=\"349\" src=\"https:\/\/www.schleifbach.de\/wp-content\/uploads\/2021\/02\/schleifbach-2021-02-04-1024x559.png\" class=\"attachment-large size-large\" alt=\"Presseartikel: Kl\u00e4ranlage versorgt sich zu 70% selbst mit selbst erzeugtem Strom - Offenbach Post 2.4.2021\" aria-describedby=\"gallery-1-174\" srcset=\"https:\/\/www.schleifbach.de\/wp-content\/uploads\/2021\/02\/schleifbach-2021-02-04-1024x559.png 1024w, https:\/\/www.schleifbach.de\/wp-content\/uploads\/2021\/02\/schleifbach-2021-02-04-300x164.png 300w, https:\/\/www.schleifbach.de\/wp-content\/uploads\/2021\/02\/schleifbach-2021-02-04-768x419.png 768w, https:\/\/www.schleifbach.de\/wp-content\/uploads\/2021\/02\/schleifbach-2021-02-04-1536x838.png 1536w, https:\/\/www.schleifbach.de\/wp-content\/uploads\/2021\/02\/schleifbach-2021-02-04-2048x1117.png 2048w, https:\/\/www.schleifbach.de\/wp-content\/uploads\/2021\/02\/schleifbach-2021-02-04-688x375.png 688w\" sizes=\"auto, (max-width: 640px) 100vw, 640px\" \/><\/a>\n\t\t\t<\/dt>\n\t\t\t\t<dd class='wp-caption-text gallery-caption' id='gallery-1-174'>\n\t\t\t\tKl\u00e4ranlage versorgt sich zu 70% selbst mit selbst erzeugtem Strom &#8211; Offenbach Post 2.4.2021\n\t\t\t\t<\/dd><\/dl><br style=\"clear: both\" \/><dl class='gallery-item'>\n\t\t\t<dt class='gallery-icon landscape'>\n\t\t\t\t<a href='https:\/\/www.schleifbach.de\/wp-content\/uploads\/2021\/02\/schleifbach-2021-01-29.png'><img loading=\"lazy\" decoding=\"async\" width=\"640\" height=\"349\" src=\"https:\/\/www.schleifbach.de\/wp-content\/uploads\/2021\/02\/schleifbach-2021-01-29-1024x559.png\" class=\"attachment-large size-large\" alt=\"Presseartikel: Mit Tuchfilter gegen Mikroplastik - Offenbach Post 29.01.2021\" aria-describedby=\"gallery-1-176\" srcset=\"https:\/\/www.schleifbach.de\/wp-content\/uploads\/2021\/02\/schleifbach-2021-01-29-1024x559.png 1024w, https:\/\/www.schleifbach.de\/wp-content\/uploads\/2021\/02\/schleifbach-2021-01-29-300x164.png 300w, https:\/\/www.schleifbach.de\/wp-content\/uploads\/2021\/02\/schleifbach-2021-01-29-768x419.png 768w, https:\/\/www.schleifbach.de\/wp-content\/uploads\/2021\/02\/schleifbach-2021-01-29-1536x839.png 1536w, https:\/\/www.schleifbach.de\/wp-content\/uploads\/2021\/02\/schleifbach-2021-01-29-2048x1119.png 2048w, https:\/\/www.schleifbach.de\/wp-content\/uploads\/2021\/02\/schleifbach-2021-01-29-688x376.png 688w\" sizes=\"auto, (max-width: 640px) 100vw, 640px\" \/><\/a>\n\t\t\t<\/dt>\n\t\t\t\t<dd class='wp-caption-text gallery-caption' id='gallery-1-176'>\n\t\t\t\tMit Tuchfilter gegen Mikroplastik &#8211; Offenbach Post 29.01.2021\n\t\t\t\t<\/dd><\/dl><dl class='gallery-item'>\n\t\t\t<dt class='gallery-icon landscape'>\n\t\t\t\t<a href='https:\/\/www.schleifbach.de\/wp-content\/uploads\/2021\/02\/schleifbach-2020-10-16.png'><img loading=\"lazy\" decoding=\"async\" width=\"640\" height=\"344\" src=\"https:\/\/www.schleifbach.de\/wp-content\/uploads\/2021\/02\/schleifbach-2020-10-16-1024x551.png\" class=\"attachment-large size-large\" alt=\"Foto vom Abwasserverband Schleifbach in der Offenbach Post 16.10.2020\" aria-describedby=\"gallery-1-173\" srcset=\"https:\/\/www.schleifbach.de\/wp-content\/uploads\/2021\/02\/schleifbach-2020-10-16-1024x551.png 1024w, https:\/\/www.schleifbach.de\/wp-content\/uploads\/2021\/02\/schleifbach-2020-10-16-300x161.png 300w, https:\/\/www.schleifbach.de\/wp-content\/uploads\/2021\/02\/schleifbach-2020-10-16-768x413.png 768w, https:\/\/www.schleifbach.de\/wp-content\/uploads\/2021\/02\/schleifbach-2020-10-16-1536x826.png 1536w, https:\/\/www.schleifbach.de\/wp-content\/uploads\/2021\/02\/schleifbach-2020-10-16-2048x1101.png 2048w, https:\/\/www.schleifbach.de\/wp-content\/uploads\/2021\/02\/schleifbach-2020-10-16-688x370.png 688w\" sizes=\"auto, (max-width: 640px) 100vw, 640px\" \/><\/a>\n\t\t\t<\/dt>\n\t\t\t\t<dd class='wp-caption-text gallery-caption' id='gallery-1-173'>\n\t\t\t\tFoto vom Abwasserverband Schleifbach in der Offenbach Post 16.10.2020\n\t\t\t\t<\/dd><\/dl><br style=\"clear: both\" \/><dl class='gallery-item'>\n\t\t\t<dt class='gallery-icon landscape'>\n\t\t\t\t<a href='https:\/\/www.schleifbach.de\/wp-content\/uploads\/2021\/02\/schleifbach-2020-09-29.png'><img loading=\"lazy\" decoding=\"async\" width=\"640\" height=\"349\" src=\"https:\/\/www.schleifbach.de\/wp-content\/uploads\/2021\/02\/schleifbach-2020-09-29-1024x559.png\" class=\"attachment-large size-large\" alt=\"Presseartikel: Mikroplastik, Spurenstoffe und Krankheitserreger im Visier - Offenbach Post 29.09.2020\" aria-describedby=\"gallery-1-179\" srcset=\"https:\/\/www.schleifbach.de\/wp-content\/uploads\/2021\/02\/schleifbach-2020-09-29-1024x559.png 1024w, https:\/\/www.schleifbach.de\/wp-content\/uploads\/2021\/02\/schleifbach-2020-09-29-300x164.png 300w, https:\/\/www.schleifbach.de\/wp-content\/uploads\/2021\/02\/schleifbach-2020-09-29-768x419.png 768w, https:\/\/www.schleifbach.de\/wp-content\/uploads\/2021\/02\/schleifbach-2020-09-29-1536x839.png 1536w, https:\/\/www.schleifbach.de\/wp-content\/uploads\/2021\/02\/schleifbach-2020-09-29-2048x1119.png 2048w, https:\/\/www.schleifbach.de\/wp-content\/uploads\/2021\/02\/schleifbach-2020-09-29-688x376.png 688w\" sizes=\"auto, (max-width: 640px) 100vw, 640px\" \/><\/a>\n\t\t\t<\/dt>\n\t\t\t\t<dd class='wp-caption-text gallery-caption' id='gallery-1-179'>\n\t\t\t\tMikroplastik, Spurenstoffe und Krankheitserreger im Visier &#8211; Offenbach Post 29.09.2020\n\t\t\t\t<\/dd><\/dl><dl class='gallery-item'>\n\t\t\t<dt class='gallery-icon landscape'>\n\t\t\t\t<a href='https:\/\/www.schleifbach.de\/wp-content\/uploads\/2020\/01\/Schleifbach1_01.png'><img loading=\"lazy\" decoding=\"async\" width=\"640\" height=\"553\" src=\"https:\/\/www.schleifbach.de\/wp-content\/uploads\/2020\/01\/Schleifbach1_01-1024x885.png\" class=\"attachment-large size-large\" alt=\"Presseartikel: Spurenstoffe herausfiltern - Offenbach Post 15.01.2020\" aria-describedby=\"gallery-1-160\" srcset=\"https:\/\/www.schleifbach.de\/wp-content\/uploads\/2020\/01\/Schleifbach1_01-1024x885.png 1024w, https:\/\/www.schleifbach.de\/wp-content\/uploads\/2020\/01\/Schleifbach1_01-300x259.png 300w, https:\/\/www.schleifbach.de\/wp-content\/uploads\/2020\/01\/Schleifbach1_01-768x664.png 768w, https:\/\/www.schleifbach.de\/wp-content\/uploads\/2020\/01\/Schleifbach1_01-1536x1328.png 1536w, https:\/\/www.schleifbach.de\/wp-content\/uploads\/2020\/01\/Schleifbach1_01-2048x1771.png 2048w, https:\/\/www.schleifbach.de\/wp-content\/uploads\/2020\/01\/Schleifbach1_01-688x595.png 688w\" sizes=\"auto, (max-width: 640px) 100vw, 640px\" \/><\/a>\n\t\t\t<\/dt>\n\t\t\t\t<dd class='wp-caption-text gallery-caption' id='gallery-1-160'>\n\t\t\t\tSpurenstoffe herausfiltern &#8211; Offenbach Post 15.01.2020\n\t\t\t\t<\/dd><\/dl><br style=\"clear: both\" \/>\n\t\t<\/div>\n\n<hr \/>\n<p><a href=\"https:\/\/www.op-online.de\/region\/seligenstadt\/seligenstadt-hessen-entsorgt-klaerschlamm-11878260.html\" target=\"_blank\" rel=\"noopener noreferrer\">EVO entsorgt Kl\u00e4rschlamm aus Seligenstadt &#8211; Offenbach Post, 23.03.19<\/a><\/p>\n<p><a href=\"http:\/\/www.op-online.de\/region\/seligenstadt\/feierstunde-50-jaehrigen-bestehen-abwasserverbandes-schleifbach-6516600.html\" target=\"_blank\" rel=\"noopener noreferrer\">Millionen investiert: Feierstunde zum 50-j\u00e4hrigen Bestehen des Abwasserverbandes Schleifbach &#8211; Offenbach Post, 25.06.16<\/a><\/p>\n<p><a href=\"http:\/\/www.op-online.de\/region\/seligenstadt\/mehrere-becken-schnecke-404624.html\" target=\"_blank\" rel=\"noopener noreferrer\">Mehrere Becken und &#8217;ne Schnecke &#8211; Offenbach Post, 15.07.09<\/a><\/p>\n<hr \/>\n<p>Weitere Publikationen finden Sie in den regionalen Zeitungen und auf dem <a href=\"http:\/\/www.sellestadt.de\/?tag=wirtschaft\">Seligenstadt-Portal<\/a> unter <a href=\"http:\/\/sellestadt.de\">Sellestadt.de<\/a>.<\/p>\n","protected":false},"excerpt":{"rendered":"<p>Presseanfragen bitte direkt an: 06182 \/ 8938-0 oder info@av-schleifbach.de Presseschau EVO entsorgt Kl\u00e4rschlamm aus Seligenstadt &#8211; Offenbach Post, 23.03.19 Millionen investiert: Feierstunde zum 50-j\u00e4hrigen Bestehen des Abwasserverbandes Schleifbach &#8211; Offenbach Post, 25.06.16 Mehrere&#8230;<\/p>\n","protected":false},"author":2,"featured_media":0,"parent":0,"menu_order":0,"comment_status":"closed","ping_status":"closed","template":"","meta":{"footnotes":""},"class_list":["post-6","page","type-page","status-publish","hentry","post"],"_links":{"self":[{"href":"https:\/\/www.schleifbach.de\/index.php?rest_route=\/wp\/v2\/pages\/6","targetHints":{"allow":["GET"]}}],"collection":[{"href":"https:\/\/www.schleifbach.de\/index.php?rest_route=\/wp\/v2\/pages"}],"about":[{"href":"https:\/\/www.schleifbach.de\/index.php?rest_route=\/wp\/v2\/types\/page"}],"author":[{"embeddable":true,"href":"https:\/\/www.schleifbach.de\/index.php?rest_route=\/wp\/v2\/users\/2"}],"replies":[{"embeddable":true,"href":"https:\/\/www.schleifbach.de\/index.php?rest_route=%2Fwp%2Fv2%2Fcomments&post=6"}],"version-history":[{"count":28,"href":"https:\/\/www.schleifbach.de\/index.php?rest_route=\/wp\/v2\/pages\/6\/revisions"}],"predecessor-version":[{"id":224,"href":"https:\/\/www.schleifbach.de\/index.php?rest_route=\/wp\/v2\/pages\/6\/revisions\/224"}],"wp:attachment":[{"href":"https:\/\/www.schleifbach.de\/index.php?rest_route=%2Fwp%2Fv2%2Fmedia&parent=6"}],"curies":[{"name":"wp","href":"https:\/\/api.w.org\/{rel}","templated":true}]}}