{"id":2,"date":"2016-05-10T03:48:21","date_gmt":"2016-05-10T03:48:21","guid":{"rendered":"http:\/\/wp452m.a10-52-158-154.qa.plesk.ru\/wordpress\/?page_id=2"},"modified":"2026-01-21T14:10:15","modified_gmt":"2026-01-21T14:10:15","slug":"sample-page","status":"publish","type":"page","link":"https:\/\/www.schleifbach.de\/","title":{"rendered":"Herzlich Willkommen beim Abwasserverband Schleifbach K\u00f6R"},"content":{"rendered":"<p><img loading=\"lazy\" decoding=\"async\" class=\"aligncenter wp-image-115 size-large\" src=\"https:\/\/www.schleifbach.de\/wp-content\/uploads\/2018\/09\/Klaerwerk4-1024x667.jpg\" alt=\"AV Schleifbach Kl\u00e4rwerk aus der Luft\" width=\"640\" height=\"417\" srcset=\"https:\/\/www.schleifbach.de\/wp-content\/uploads\/2018\/09\/Klaerwerk4-1024x667.jpg 1024w, https:\/\/www.schleifbach.de\/wp-content\/uploads\/2018\/09\/Klaerwerk4-300x196.jpg 300w, https:\/\/www.schleifbach.de\/wp-content\/uploads\/2018\/09\/Klaerwerk4-768x501.jpg 768w, https:\/\/www.schleifbach.de\/wp-content\/uploads\/2018\/09\/Klaerwerk4-688x448.jpg 688w\" sizes=\"auto, (max-width: 640px) 100vw, 640px\" \/><\/p>\n<p>Der Abwasserverband Schleifbach ist eine K\u00f6rperschaft des \u00f6ffentlichen Rechts in der sich die Gemeinde Mainhausen (mit Mainflingen und Zellhausen), Stadt Seligenstadt S\u00fcd und Klein Welzheim und die Gemeinde Karlstein \/Bayern mit Gro\u00dfwelzheim zusammengeschlossen haben.<\/p>\n<blockquote><p><img loading=\"lazy\" decoding=\"async\" class=\"alignright wp-image-74 size-thumbnail\" style=\"margin-top: -24px;\" src=\"https:\/\/www.schleifbach.de\/wp-content\/uploads\/2016\/09\/3_Rolf_Wenzel-200x200-150x150.jpg\" alt=\"Portrait von Rolf Wenzel, Verbandsvorsteher\" width=\"150\" height=\"150\" srcset=\"https:\/\/www.schleifbach.de\/wp-content\/uploads\/2016\/09\/3_Rolf_Wenzel-200x200-150x150.jpg 150w, https:\/\/www.schleifbach.de\/wp-content\/uploads\/2016\/09\/3_Rolf_Wenzel-200x200.jpg 200w\" sizes=\"auto, (max-width: 150px) 100vw, 150px\" \/>Seit 1966 sorgen wir f\u00fcr sauberes Wasser in Seligenstadt, Mainhausen und Karlstein<br \/>\n<cite>Rolf Wenzel, Verbandsvorsteher<\/cite><\/p><\/blockquote>\n<h2>Verbandsgebiet (angeschlossene Kommunen)<\/h2>\n\n\t\t<style type=\"text\/css\">\n\t\t\t#gallery-1 {\n\t\t\t\tmargin: auto;\n\t\t\t}\n\t\t\t#gallery-1 .gallery-item {\n\t\t\t\tfloat: left;\n\t\t\t\tmargin-top: 10px;\n\t\t\t\ttext-align: center;\n\t\t\t\twidth: 33%;\n\t\t\t}\n\t\t\t#gallery-1 img {\n\t\t\t\tborder: 2px solid #cfcfcf;\n\t\t\t}\n\t\t\t#gallery-1 .gallery-caption {\n\t\t\t\tmargin-left: 0;\n\t\t\t}\n\t\t\t\/* see gallery_shortcode() in wp-includes\/media.php *\/\n\t\t<\/style>\n\t\t<div id='gallery-1' class='gallery galleryid-2 gallery-columns-3 gallery-size-thumbnail'><dl class='gallery-item'>\n\t\t\t<dt class='gallery-icon portrait'>\n\t\t\t\t<img loading=\"lazy\" decoding=\"async\" width=\"150\" height=\"150\" src=\"https:\/\/www.schleifbach.de\/wp-content\/uploads\/2018\/06\/Wappen_Mainhausen-150x150.png\" class=\"attachment-thumbnail size-thumbnail\" alt=\"Wappen der Gemeinde Mainhausen\" aria-describedby=\"gallery-1-93\" \/>\n\t\t\t<\/dt>\n\t\t\t\t<dd class='wp-caption-text gallery-caption' id='gallery-1-93'>\n\t\t\t\tGemeinde Mainhausen\n\t\t\t\t<\/dd><\/dl><dl class='gallery-item'>\n\t\t\t<dt class='gallery-icon portrait'>\n\t\t\t\t<img loading=\"lazy\" decoding=\"async\" width=\"150\" height=\"150\" src=\"https:\/\/www.schleifbach.de\/wp-content\/uploads\/2018\/06\/Wappen_Karlstein_am_Main.svg_-150x150.png\" class=\"attachment-thumbnail size-thumbnail\" alt=\"Wappen der Gemeinde Karlstein\" aria-describedby=\"gallery-1-94\" \/>\n\t\t\t<\/dt>\n\t\t\t\t<dd class='wp-caption-text gallery-caption' id='gallery-1-94'>\n\t\t\t\tGemeinde Karlstein\n\t\t\t\t<\/dd><\/dl><dl class='gallery-item'>\n\t\t\t<dt class='gallery-icon portrait'>\n\t\t\t\t<img loading=\"lazy\" decoding=\"async\" width=\"150\" height=\"150\" src=\"https:\/\/www.schleifbach.de\/wp-content\/uploads\/2018\/06\/Wappen_Seligenstadt-150x150.png\" class=\"attachment-thumbnail size-thumbnail\" alt=\"Wappen der Stadt Seligenstadt\" aria-describedby=\"gallery-1-95\" \/>\n\t\t\t<\/dt>\n\t\t\t\t<dd class='wp-caption-text gallery-caption' id='gallery-1-95'>\n\t\t\t\tStadt Seligenstadt\n\t\t\t\t<\/dd><\/dl><br style=\"clear: both\" \/>\n\t\t<\/div>\n\n<p><img loading=\"lazy\" decoding=\"async\" class=\"wp-image-240 size-full aligncenter\" src=\"https:\/\/www.schleifbach.de\/wp-content\/uploads\/2026\/01\/schleifbach-gf-vorstand-2026-scaled.jpg\" alt=\"\" width=\"1792\" height=\"2560\" srcset=\"https:\/\/www.schleifbach.de\/wp-content\/uploads\/2026\/01\/schleifbach-gf-vorstand-2026-scaled.jpg 1792w, https:\/\/www.schleifbach.de\/wp-content\/uploads\/2026\/01\/schleifbach-gf-vorstand-2026-210x300.jpg 210w, https:\/\/www.schleifbach.de\/wp-content\/uploads\/2026\/01\/schleifbach-gf-vorstand-2026-717x1024.jpg 717w, https:\/\/www.schleifbach.de\/wp-content\/uploads\/2026\/01\/schleifbach-gf-vorstand-2026-768x1097.jpg 768w, https:\/\/www.schleifbach.de\/wp-content\/uploads\/2026\/01\/schleifbach-gf-vorstand-2026-1075x1536.jpg 1075w, https:\/\/www.schleifbach.de\/wp-content\/uploads\/2026\/01\/schleifbach-gf-vorstand-2026-1433x2048.jpg 1433w, https:\/\/www.schleifbach.de\/wp-content\/uploads\/2026\/01\/schleifbach-gf-vorstand-2026-688x983.jpg 688w\" sizes=\"auto, (max-width: 1792px) 100vw, 1792px\" \/><\/p>\n<p>Verbandsvorsteher: Rolf Wenzel<br \/>\nStellv. Verbandsvorsteher: Kai Gerfelder, Peter Kre\u00df, Dieter Jahn<br \/>\nBetriebsleiter\/Kl\u00e4r- und Elektromeister: Anko Schwandtke<\/p>\n<p>&nbsp;<\/p>\n<p><a href=\"https:\/\/schleifbach.de\/?page_id=8\">Kontakt aufnehmen<\/a><\/p>\n<p>&nbsp;<\/p>\n<h2>Die Kl\u00e4ranlage in Zahlen<\/h2>\n<p>Die Anlage ist ausgelegt f\u00fcr:<\/p>\n<ul>\n<li>Kl\u00e4ranlage f\u00fcr 39.000 Einwohner-Gleichwerte<\/li>\n<li>Reinigungsleistung: 1,0 &#8211; 1,3 Mio. m\u00b3 im Jahr<\/li>\n<li>Jahresstrombedarf: ~ 800.000 kWh im Jahr<\/li>\n<li>Eigenproduktion mit Blockheizkraftwerk &amp; Solar: ~ 460.000 kW im Jahr<\/li>\n<li>Solaranlage: 250.000 kW im Jahr<\/li>\n<\/ul>\n<h2>Unsere Mitarbeiter und T\u00e4tigkeiten<\/h2>\n<p>Unsere Fachkr\u00e4fte f\u00fcr Abwassertechnik sind hoch qualifizierte Fachleute.<br \/>\nAlle von ihnen haben eine Ausbildung zur Fachkraft f\u00fcr Abwassertechnik und einen handwerklichen Beruf erlernt.<\/p>\n<p>Die sach- und fachgerechte F\u00fchrung einer Kl\u00e4ranlage fordert von den Kollegen einen hohen Einsatz und gro\u00dfe Verantwortung. T\u00e4glich m\u00fcssen nach der Eigenkontrollverordnung die Abw\u00e4sser der Anlage im Labor untersucht werden.<\/p>\n<p>Bei St\u00f6rungen im Werk selbst oder bei der hochkomplizierten IT-Anlage \u2013 stehen die Mitarbeiter Tag und Nacht zum Einsatz bereit.<\/p>\n<hr \/>\n<p><span id=\"page52R_mcid3\" class=\"markedContent\"><span class=\"\" dir=\"ltr\" role=\"presentation\"><a href=\"https:\/\/www.schleifbach.de\/?page_id=207\">Erkl\u00e4rung zur Barrierefreiheit (EzB)<\/a> <\/span><\/span><\/p>\n","protected":false},"excerpt":{"rendered":"<p>Der Abwasserverband Schleifbach ist eine K\u00f6rperschaft des \u00f6ffentlichen Rechts in der sich die Gemeinde Mainhausen (mit Mainflingen und Zellhausen), Stadt Seligenstadt S\u00fcd und Klein Welzheim und die Gemeinde Karlstein \/Bayern mit Gro\u00dfwelzheim zusammengeschlossen&#8230;<\/p>\n","protected":false},"author":1,"featured_media":0,"parent":0,"menu_order":0,"comment_status":"closed","ping_status":"closed","template":"","meta":{"footnotes":""},"class_list":["post-2","page","type-page","status-publish","hentry","post"],"_links":{"self":[{"href":"https:\/\/www.schleifbach.de\/index.php?rest_route=\/wp\/v2\/pages\/2","targetHints":{"allow":["GET"]}}],"collection":[{"href":"https:\/\/www.schleifbach.de\/index.php?rest_route=\/wp\/v2\/pages"}],"about":[{"href":"https:\/\/www.schleifbach.de\/index.php?rest_route=\/wp\/v2\/types\/page"}],"author":[{"embeddable":true,"href":"https:\/\/www.schleifbach.de\/index.php?rest_route=\/wp\/v2\/users\/1"}],"replies":[{"embeddable":true,"href":"https:\/\/www.schleifbach.de\/index.php?rest_route=%2Fwp%2Fv2%2Fcomments&post=2"}],"version-history":[{"count":55,"href":"https:\/\/www.schleifbach.de\/index.php?rest_route=\/wp\/v2\/pages\/2\/revisions"}],"predecessor-version":[{"id":242,"href":"https:\/\/www.schleifbach.de\/index.php?rest_route=\/wp\/v2\/pages\/2\/revisions\/242"}],"wp:attachment":[{"href":"https:\/\/www.schleifbach.de\/index.php?rest_route=%2Fwp%2Fv2%2Fmedia&parent=2"}],"curies":[{"name":"wp","href":"https:\/\/api.w.org\/{rel}","templated":true}]}}