{"id":12,"date":"2016-09-01T15:17:26","date_gmt":"2016-09-01T15:17:26","guid":{"rendered":"https:\/\/schleifbach.de\/?page_id=12"},"modified":"2023-02-20T12:01:02","modified_gmt":"2023-02-20T12:01:02","slug":"technik-historie","status":"publish","type":"page","link":"https:\/\/www.schleifbach.de\/?page_id=12","title":{"rendered":"Die historische Entwicklung"},"content":{"rendered":"<p><img loading=\"lazy\" decoding=\"async\" class=\"alignright wp-image-116 size-thumbnail\" src=\"https:\/\/www.schleifbach.de\/wp-content\/uploads\/2018\/09\/Klaerwerk5-150x150.jpg\" alt=\"AV Schleifbach Kl\u00e4rwerk mit Solaranlage aus der Luft\" width=\"150\" height=\"150\" \/>Der Abwasserverband Schleifbach, gegr\u00fcndet im Jahr 1966, ist Eigent\u00fcmer und Betreiber der Kl\u00e4ranlage. Seit der Gr\u00fcndung wird der Verband von dem Verbandsvorstand und der Verbandsversammlung gelenkt und geleitet. Beide Gremien werden parit\u00e4tisch von den politischen Fraktionen aller Mitgliedsgemeinden besetzt. Die Entscheidungen im Verband werden sachbezogen getroffen wurden, politische Auseinandersetzungen fanden in diesen Gremien bis heute nicht statt.<\/p>\n<h2>Verbandsvorstand<\/h2>\n<p>Das Amt des Verbandsvorstandes wurde seit der Gr\u00fcndung begleitet von:<\/p>\n<ul>\n<li>August 2011 &#8211; bis jetzt Rolf Wenzel<\/li>\n<li>September 2007 &#8211; August 2011 Wolfgang Crynen<\/li>\n<li>April 1994 &#8211; September 2007 Theo Stegmann<\/li>\n<li>M\u00e4rz 1977 &#8211; April 1994 Hubert Post<\/li>\n<li>April 1966 &#8211; M\u00e4rz 1977 Jakob Hetzer<\/li>\n<\/ul>\n<p>Der Verbandsvorstand besteht gem\u00e4\u00df \u00a7 17 der Verbandssatzung aus:<\/p>\n<ul>\n<li>5 Mitgliedern der Gemeinde Mainhausen<\/li>\n<li>4 Mitgliedern der Stadt Seligenstadt<\/li>\n<li>2 Mitgliedern der Gemeinde Karlstein<\/li>\n<li>Zus\u00e4tzlich ist f\u00fcr jedes Vorstandsmitglied ein pers\u00f6nlicher Stellvertreter benannt.<\/li>\n<\/ul>\n<h2>Verbandsversammlung<\/h2>\n\n\t\t<style type=\"text\/css\">\n\t\t\t#gallery-1 {\n\t\t\t\tmargin: auto;\n\t\t\t}\n\t\t\t#gallery-1 .gallery-item {\n\t\t\t\tfloat: left;\n\t\t\t\tmargin-top: 10px;\n\t\t\t\ttext-align: center;\n\t\t\t\twidth: 33%;\n\t\t\t}\n\t\t\t#gallery-1 img {\n\t\t\t\tborder: 2px solid #cfcfcf;\n\t\t\t}\n\t\t\t#gallery-1 .gallery-caption {\n\t\t\t\tmargin-left: 0;\n\t\t\t}\n\t\t\t\/* see gallery_shortcode() in wp-includes\/media.php *\/\n\t\t<\/style>\n\t\t<div id='gallery-1' class='gallery galleryid-12 gallery-columns-3 gallery-size-thumbnail'><dl class='gallery-item'>\n\t\t\t<dt class='gallery-icon portrait'>\n\t\t\t\t<img loading=\"lazy\" decoding=\"async\" width=\"150\" height=\"150\" src=\"https:\/\/www.schleifbach.de\/wp-content\/uploads\/2018\/06\/Wappen_Mainhausen-150x150.png\" class=\"attachment-thumbnail size-thumbnail\" alt=\"Wappen der Gemeinde Mainhausen\" aria-describedby=\"gallery-1-93\" \/>\n\t\t\t<\/dt>\n\t\t\t\t<dd class='wp-caption-text gallery-caption' id='gallery-1-93'>\n\t\t\t\tGemeinde Mainhausen\n\t\t\t\t<\/dd><\/dl><dl class='gallery-item'>\n\t\t\t<dt class='gallery-icon portrait'>\n\t\t\t\t<img loading=\"lazy\" decoding=\"async\" width=\"150\" height=\"150\" src=\"https:\/\/www.schleifbach.de\/wp-content\/uploads\/2018\/06\/Wappen_Karlstein_am_Main.svg_-150x150.png\" class=\"attachment-thumbnail size-thumbnail\" alt=\"Wappen der Gemeinde Karlstein\" aria-describedby=\"gallery-1-94\" \/>\n\t\t\t<\/dt>\n\t\t\t\t<dd class='wp-caption-text gallery-caption' id='gallery-1-94'>\n\t\t\t\tGemeinde Karlstein\n\t\t\t\t<\/dd><\/dl><dl class='gallery-item'>\n\t\t\t<dt class='gallery-icon portrait'>\n\t\t\t\t<img loading=\"lazy\" decoding=\"async\" width=\"150\" height=\"150\" src=\"https:\/\/www.schleifbach.de\/wp-content\/uploads\/2018\/06\/Wappen_Seligenstadt-150x150.png\" class=\"attachment-thumbnail size-thumbnail\" alt=\"Wappen der Stadt Seligenstadt\" aria-describedby=\"gallery-1-95\" \/>\n\t\t\t<\/dt>\n\t\t\t\t<dd class='wp-caption-text gallery-caption' id='gallery-1-95'>\n\t\t\t\tStadt Seligenstadt\n\t\t\t\t<\/dd><\/dl><br style=\"clear: both\" \/>\n\t\t<\/div>\n\n<p>Die Verbandsversammlung besteht gem\u00e4\u00df \u00a7 11 der Verbandssatzung aus:<\/p>\n<ul>\n<li>6 Vertretern der Gemeinde Mainhausen<\/li>\n<li>5 Vertretern der Stadt Seligenstadt<\/li>\n<li>4 Vertretern der Gemeinde Karlstein<\/li>\n<li>Zus\u00e4tzlich sind f\u00fcr jeden Vertreter Stellvertreter benannt.<\/li>\n<\/ul>\n<p>Im Jahr 1964 wurden die Verhandlungen zur Gr\u00fcndung des Verbandes gef\u00fchrt.<br \/>\nMit den B\u00fcrgermeistern Jakob Hetzer, Bert He\u00dfberger und Willi Brehm erfolgte die Gr\u00fcndung am 28.04.1966.<\/p>\n<p>Der 1. Verbandsvorsteher war B\u00fcrgermeister Jakob Hetzer \/Klein Welzheim.<br \/>\nIm Jahr 1975 wurde dann die damals noch selbst\u00e4ndige Gemeinde Gro\u00dfwelzheim unter B\u00fcrgermeister Alfred He\u00dfberger Mitglied des Verbandes.<\/p>\n<h2>Staatsvertrag zwischen Bayern und Hessen<\/h2>\n<p>Mitglied als bayerische Gemeinde in einem hessischen Verband zu werden, war nicht einfach. Dazu bedurfte es erst eines Staatsvertrages zwischen dem Freistaat Bayern und dem Land Hessen.<br \/>\nDer Anschluss erfolgte mit einem D\u00fccker unter dem Mainbett hindurch. Die Abw\u00e4sser laufen ohne eine Druckleitung zur Kl\u00e4ranlage.<\/p>\n<p>Im Jahr 1978 gesellte sich die Gemeinde Zellhausen hinzu. Hierf\u00fcr musste ein entsprechender Zulaufsammler von Zellhausen zur Kl\u00e4ranlage gebaut werden.<br \/>\nDurch Aufnahme der 5ten. Gemeinde war eine Erweiterung und Ausbau der Kl\u00e4ranlage auf 39.000 EGW erforderlich.<\/p>\n<p>In der ersten Konzeption wurde die erste Kl\u00e4ranlage f\u00fcr 18.000 EGW zur mech. biolog. Abwasserreinigung gebaut. Die erstmalige Inbetriebnahme erfolge am 24.09.1971.<\/p>\n<h2>Umweltschutz und bessere Reinigung<\/h2>\n<p><img loading=\"lazy\" decoding=\"async\" class=\"alignleft size-thumbnail wp-image-114\" src=\"https:\/\/schleifbach.de\/wp-content\/uploads\/2018\/09\/Klaerwerk3-150x150.jpg\" alt=\"AV Schleifbach Kl\u00e4rwerk Vogelperspektive\" width=\"150\" height=\"150\" \/><\/p>\n<p>Die weiteren Umweltverschmutzungen, die Gef\u00e4hrdung des Grundwassers und der Gew\u00e4sser und der daraus resultierenden Robbensterben in der Nordsee gab Anlass gegenzusteuern.<br \/>\nDie erh\u00f6hten gesetzlichen Anforderungen durch neue EG Richtlinien und Gesetze wurde es 1997 notwendig eine weiterf\u00fchrende Reinigungsstufe zu errichten.<\/p>\n<p>Die Aufgabe war die hohe Konzentration an N\u00e4hrstoffen wie Stickstoff und Phosphor vor Einleitung in den Main abzubauen. Die Kapazit\u00e4t wurde auf 39.000 EWG erweitert.<br \/>\nNach 4 j\u00e4hriger Bauzeit wurde die Einweihung im Jahr 2000 gefeiert.<br \/>\nDie Investitionen und Verbesserungen galten der Halbierung des Phosphatwertes und der Optimierung der Software.<\/p>\n","protected":false},"excerpt":{"rendered":"<p>Der Abwasserverband Schleifbach, gegr\u00fcndet im Jahr 1966, ist Eigent\u00fcmer und Betreiber der Kl\u00e4ranlage. Seit der Gr\u00fcndung wird der Verband von dem Verbandsvorstand und der Verbandsversammlung gelenkt und geleitet. Beide Gremien werden parit\u00e4tisch von&#8230;<\/p>\n","protected":false},"author":2,"featured_media":0,"parent":0,"menu_order":0,"comment_status":"closed","ping_status":"closed","template":"","meta":{"footnotes":""},"class_list":["post-12","page","type-page","status-publish","hentry","post"],"_links":{"self":[{"href":"https:\/\/www.schleifbach.de\/index.php?rest_route=\/wp\/v2\/pages\/12","targetHints":{"allow":["GET"]}}],"collection":[{"href":"https:\/\/www.schleifbach.de\/index.php?rest_route=\/wp\/v2\/pages"}],"about":[{"href":"https:\/\/www.schleifbach.de\/index.php?rest_route=\/wp\/v2\/types\/page"}],"author":[{"embeddable":true,"href":"https:\/\/www.schleifbach.de\/index.php?rest_route=\/wp\/v2\/users\/2"}],"replies":[{"embeddable":true,"href":"https:\/\/www.schleifbach.de\/index.php?rest_route=%2Fwp%2Fv2%2Fcomments&post=12"}],"version-history":[{"count":13,"href":"https:\/\/www.schleifbach.de\/index.php?rest_route=\/wp\/v2\/pages\/12\/revisions"}],"predecessor-version":[{"id":205,"href":"https:\/\/www.schleifbach.de\/index.php?rest_route=\/wp\/v2\/pages\/12\/revisions\/205"}],"wp:attachment":[{"href":"https:\/\/www.schleifbach.de\/index.php?rest_route=%2Fwp%2Fv2%2Fmedia&parent=12"}],"curies":[{"name":"wp","href":"https:\/\/api.w.org\/{rel}","templated":true}]}}